{"id":6,"date":"2017-07-21T08:36:05","date_gmt":"2017-07-21T08:36:05","guid":{"rendered":"http:\/\/indusmentor.eii.uva.es\/?page_id=6"},"modified":"2026-04-15T07:48:37","modified_gmt":"2026-04-15T07:48:37","slug":"contact","status":"publish","type":"page","link":"https:\/\/indusmentor.eii.uva.es\/index.php\/contact\/","title":{"rendered":"\u00bfQui\u00e9nes somos?"},"content":{"rendered":"<p>El equipo est\u00e1 formado por 25 personas fijas que pertenecen a diferentes departamentos y \u00e1reas de conocimiento que imparten docencia en los distintos grados de la Eii, lo que aporta diversidad y supone un valor a\u00f1adido al grupo. Adem\u00e1s, cada curso hay unos 20 estudiantes que se incorporan al equipo y que hacen de Mentores.<\/p>\n<p>Si deseas ponerte en contacto con nuestro grupo puedes hacerlo en mentor@eii.uva.es<\/p>\n<p><strong>Coordinadoras del PAT Mentor:<\/strong><\/p>\n<table style=\"height: 132px;\" width=\"582\">\n<tbody>\n<tr>\n<td width=\"233\">M\u00aa Luisa Fernando Vel\u00e1zquez<\/td>\n<td width=\"170\">marialuisa.fernando @uva.es<\/td>\n<td width=\"192\">Matem\u00e1tica aplicada<\/td>\n<\/tr>\n<tr>\n<td width=\"233\">Ana Isabel Tarrero Fern\u00e1ndez<\/td>\n<td width=\"170\">anaisabel.tarrero @uva.es<\/td>\n<td width=\"192\">F\u00edsica aplicada<\/td>\n<\/tr>\n<\/tbody>\n<\/table>\n<p><strong>Miembros del PAT Mentor<\/strong><\/p>\n<table width=\"647\">\n<tbody>\n<tr>\n<td width=\"249\">Alvaro Moral Garc\u00eda<\/td>\n<td width=\"184\">alvaro.moral @uva.es<\/td>\n<td width=\"205\">Urbanismo y representaci\u00f3n en la arquitectura<\/td>\n<\/tr>\n<tr>\n<td width=\"249\">Antonio Foces Mediavilla<\/td>\n<td width=\"184\">antonio.foces @uva.es<\/td>\n<td width=\"205\">Mec\u00e1nica de medios continuos y teor\u00eda de estructuras<\/td>\n<\/tr>\n<tr>\n<td width=\"249\">Azucena P\u00e9rez Alonso<\/td>\n<td width=\"184\">mariaazucena.perez @uva.es<\/td>\n<td width=\"205\">Psicolog\u00eda<\/td>\n<\/tr>\n<tr>\n<td width=\"249\">Cristina P\u00e9rez Barreiro<\/td>\n<td width=\"184\">cristina.perez.barreiro @uva.es<\/td>\n<td width=\"205\">Tecnolog\u00eda electr\u00f3nica<\/td>\n<\/tr>\n<tr>\n<td width=\"249\">Esperanza Alarcia Est\u00e9vez<\/td>\n<td width=\"184\">esperanza.alarcia @uva.es<\/td>\n<td width=\"205\">Matem\u00e1tica aplicada<\/td>\n<\/tr>\n<tr>\n<td width=\"249\">Esther Mart\u00edn Garc\u00eda<\/td>\n<td width=\"184\">esthermg @uva.es<\/td>\n<td width=\"205\">F\u00edsica de la Materia Condensada<\/td>\n<\/tr>\n<tr>\n<td width=\"249\">Eusebio de la Fuente L\u00f3pez<\/td>\n<td width=\"184\">efuente @uva.es<\/td>\n<td width=\"205\">Ingenier\u00eda Autom\u00e1tica<\/td>\n<\/tr>\n<tr>\n<td width=\"249\">F\u00e9lix Nieto Palomo<\/td>\n<td width=\"184\">felix.nieto @uva.es<\/td>\n<td width=\"205\">\u00a0Ingenier\u00eda mec\u00e1nica<\/td>\n<\/tr>\n<tr>\n<td width=\"249\">Fernando Mart\u00ednez Rodrigo<\/td>\n<td width=\"184\">fernando.martinez @uva.es<\/td>\n<td width=\"205\">Tecnolog\u00eda electr\u00f3nica<\/td>\n<\/tr>\n<tr>\n<td width=\"249\">Jes\u00fas Magdaleno Mart\u00edn<\/td>\n<td width=\"184\">magdal @uva.es<\/td>\n<td width=\"205\">Mec\u00e1nica de medios continuos y teor\u00eda de estructuras<\/td>\n<\/tr>\n<tr>\n<td width=\"249\">Jos\u00e9 Mar\u00eda Garc\u00eda Ter\u00e1n<\/td>\n<td width=\"184\">teran @uva.es<\/td>\n<td width=\"205\">Mec\u00e1nica de medios continuos y teor\u00eda de estructuras<\/td>\n<\/tr>\n<tr>\n<td width=\"249\">Juli\u00e1n P\u00e9rez Garc\u00eda<\/td>\n<td width=\"184\">julian.perez @uva.es<\/td>\n<td width=\"205\">Ingenier\u00eda el\u00e9ctrica<\/td>\n<\/tr>\n<tr>\n<td width=\"249\">Laura Cuello Mart\u00ednez<\/td>\n<td width=\"184\">laura.cuello @uva.es<\/td>\n<td width=\"205\">Organizaci\u00f3n de empresas<\/td>\n<\/tr>\n<tr>\n<td width=\"249\">Luis Carlos Herrero de Lucas<\/td>\n<td width=\"184\">lcherrero @uva.es<\/td>\n<td width=\"205\">Tecnolog\u00eda electr\u00f3nica<\/td>\n<\/tr>\n<tr>\n<td width=\"249\">M\u00aa Angeles Mart\u00edn Bravo<\/td>\n<td width=\"184\">mariaangeles.martin.bravo @uva.es<\/td>\n<td width=\"205\">F\u00edsica aplicada<\/td>\n<\/tr>\n<tr>\n<td width=\"249\">M\u00aa Angeles P\u00e9rez Rueda<\/td>\n<td width=\"184\">marper @uva.es<\/td>\n<td width=\"205\">Ingenier\u00eda mec\u00e1nica<\/td>\n<\/tr>\n<tr>\n<td width=\"249\">Mar\u00eda Luc\u00eda Balboa Dom\u00ednguez<\/td>\n<td width=\"184\">marialucia.balboa @uva.es<\/td>\n<td width=\"205\">Urbanismo y representaci\u00f3n en la arquitectura<\/td>\n<\/tr>\n<tr>\n<td width=\"249\">Marta Herr\u00e1ez S\u00e1nchez<\/td>\n<td width=\"184\">mherraez @uva.es<\/td>\n<td width=\"205\">Ingenier\u00eda mec\u00e1nica<\/td>\n<\/tr>\n<tr>\n<td width=\"249\">Miriam Reyes Serrano<\/td>\n<td width=\"184\">miriam.reyes @uva.es<\/td>\n<td width=\"205\">M\u00e1quinas y motores t\u00e9rmicos<\/td>\n<\/tr>\n<tr>\n<td width=\"249\">Roberto Mostaza Fern\u00e1ndez<\/td>\n<td width=\"184\">roberto.mostaza @uva.es<\/td>\n<td width=\"205\">\u00a0Ingenier\u00eda mec\u00e1nica<\/td>\n<\/tr>\n<tr>\n<td width=\"249\">Sagrario Fern\u00e1ndez Raga<\/td>\n<td width=\"184\">s.f.raga @uva.es<\/td>\n<td width=\"205\">Composici\u00f3n arquitect\u00f3nica<\/td>\n<\/tr>\n<tr>\n<td width=\"249\">Sergio Paniagua Bermejo<\/td>\n<td width=\"184\">sergio.paniagua @uva.es<\/td>\n<td width=\"205\">F\u00edsica aplicada<\/td>\n<\/tr>\n<tr>\n<td width=\"249\">V\u00edctor Antonio Lafuente S\u00e1nchez<\/td>\n<td width=\"184\">victorantonio.lafuente @uva.es<\/td>\n<td width=\"205\">Expresi\u00f3n gr\u00e1fica<\/td>\n<\/tr>\n<\/tbody>\n<\/table>\n<p>&nbsp;<\/p>\n","protected":false},"excerpt":{"rendered":"<p>El equipo est\u00e1 formado por 25 personas fijas que pertenecen a diferentes departamentos y \u00e1reas de conocimiento que imparten docencia en los distintos grados de la Eii, lo que aporta diversidad y supone un valor a\u00f1adido al grupo. Adem\u00e1s, cada curso hay unos 20 estudiantes que se incorporan al equipo y que hacen de Mentores. &hellip; <\/p>\n<p class=\"link-more\"><a href=\"https:\/\/indusmentor.eii.uva.es\/index.php\/contact\/\" class=\"more-link\">Continuar leyendo<span class=\"screen-reader-text\"> \u00ab\u00bfQui\u00e9nes somos?\u00bb<\/span><\/a><\/p>\n","protected":false},"author":1,"featured_media":0,"parent":0,"menu_order":0,"comment_status":"closed","ping_status":"closed","template":"","meta":{"footnotes":""},"_links":{"self":[{"href":"https:\/\/indusmentor.eii.uva.es\/index.php\/wp-json\/wp\/v2\/pages\/6"}],"collection":[{"href":"https:\/\/indusmentor.eii.uva.es\/index.php\/wp-json\/wp\/v2\/pages"}],"about":[{"href":"https:\/\/indusmentor.eii.uva.es\/index.php\/wp-json\/wp\/v2\/types\/page"}],"author":[{"embeddable":true,"href":"https:\/\/indusmentor.eii.uva.es\/index.php\/wp-json\/wp\/v2\/users\/1"}],"replies":[{"embeddable":true,"href":"https:\/\/indusmentor.eii.uva.es\/index.php\/wp-json\/wp\/v2\/comments?post=6"}],"version-history":[{"count":30,"href":"https:\/\/indusmentor.eii.uva.es\/index.php\/wp-json\/wp\/v2\/pages\/6\/revisions"}],"predecessor-version":[{"id":452,"href":"https:\/\/indusmentor.eii.uva.es\/index.php\/wp-json\/wp\/v2\/pages\/6\/revisions\/452"}],"wp:attachment":[{"href":"https:\/\/indusmentor.eii.uva.es\/index.php\/wp-json\/wp\/v2\/media?parent=6"}],"curies":[{"name":"wp","href":"https:\/\/api.w.org\/{rel}","templated":true}]}}