{"id":4,"date":"2017-07-21T08:36:05","date_gmt":"2017-07-21T08:36:05","guid":{"rendered":"http:\/\/indusmentor.eii.uva.es\/?page_id=4"},"modified":"2022-03-01T08:28:33","modified_gmt":"2022-03-01T08:28:33","slug":"home","status":"publish","type":"page","link":"https:\/\/indusmentor.eii.uva.es\/","title":{"rendered":"Mentor Eii"},"content":{"rendered":"<p><img loading=\"lazy\" decoding=\"async\" class=\"\" src=\"http:\/\/indusmentor.eii.uva.es\/wp-content\/uploads\/logo_final1-300x200.jpg\" alt=\"\" width=\"319\" height=\"212\" \/><img loading=\"lazy\" decoding=\"async\" class=\"\" src=\"http:\/\/indusmentor.eii.uva.es\/wp-content\/uploads\/LOGO-GID-MEIITOR-2022-02-1024x724.jpg\" alt=\"\" width=\"302\" height=\"214\" \/><\/p>\n<p>El Proyecto de Atenci\u00f3n Tutorial Mentor (PAT Mentor) de la Escuela de Ingenier\u00edas Industriales (Eii) de la Universidad de Valladolid (UVa) surge de un grupo de profesores de la Escuela que pretende mejorar la calidad de la ense\u00f1anza en los t\u00edtulos de grado que se imparten en dicho centro. Esta idea se canaliza mediante un Proyecto de Innovaci\u00f3n Docente desde el curso 2016-2017 y desde el curso 2021-2022 es el asunto principal del Grupo de Innovaci\u00f3n Docente de la Universidad de Valladolid MENTOR de la Escuela de Ingenier\u00edas Industriales (MEIITOR).<\/p>\n<p>La orientaci\u00f3n al estudiante es un aspecto prioritario en la calidad de la ense\u00f1anza universitaria y las tutor\u00edas son la clave para ello. El PAT Mentor de la Eii tiene como objetivo principal la orientaci\u00f3n a los estudiantes de nuevo ingreso basada en tutor\u00eda entre iguales. Los estudiantes reci\u00e9n llegados pueden recibir de manos de sus compa\u00f1eros m\u00e1s veteranos las herramientas necesarias para una buena y r\u00e1pida integraci\u00f3n en el entorno universitario y reducir as\u00ed el fracaso acad\u00e9mico.<\/p>\n<p>Nuestro Programa PAT Mentor va dirigido tanto a estudiantes de nuevo ingreso como a estudiantes de \u00faltimos cursos, con dos objetivos diferenciados:<\/p>\n<ul>\n<li>Ayudar a los estudiantes de nuevo ingreso en su adaptaci\u00f3n a la universidad y a la Eii, favoreciendo su integraci\u00f3n social, acad\u00e9mica y administrativa.<\/li>\n<li>Facilitar el desarrollo de competencias transversales de los estudiantes de \u00faltimos cursos, mentores, que de forma voluntaria desean poner su experiencia universitaria al servicio de los nuevos estudiantes, potenciando tanto competencias y habilidades sociales, como competencias de liderazgo y gesti\u00f3n de equipos,<\/li>\n<\/ul>\n","protected":false},"excerpt":{"rendered":"<p>El Proyecto de Atenci\u00f3n Tutorial Mentor (PAT Mentor) de la Escuela de Ingenier\u00edas Industriales (Eii) de la Universidad de Valladolid (UVa) surge de un grupo de profesores de la Escuela que pretende mejorar la calidad de la ense\u00f1anza en los t\u00edtulos de grado que se imparten en dicho centro. Esta idea se canaliza mediante un &hellip; <\/p>\n<p class=\"link-more\"><a href=\"https:\/\/indusmentor.eii.uva.es\/\" class=\"more-link\">Continuar leyendo<span class=\"screen-reader-text\"> \u00abMentor Eii\u00bb<\/span><\/a><\/p>\n","protected":false},"author":1,"featured_media":0,"parent":0,"menu_order":0,"comment_status":"closed","ping_status":"closed","template":"","meta":{"footnotes":""},"_links":{"self":[{"href":"https:\/\/indusmentor.eii.uva.es\/index.php\/wp-json\/wp\/v2\/pages\/4"}],"collection":[{"href":"https:\/\/indusmentor.eii.uva.es\/index.php\/wp-json\/wp\/v2\/pages"}],"about":[{"href":"https:\/\/indusmentor.eii.uva.es\/index.php\/wp-json\/wp\/v2\/types\/page"}],"author":[{"embeddable":true,"href":"https:\/\/indusmentor.eii.uva.es\/index.php\/wp-json\/wp\/v2\/users\/1"}],"replies":[{"embeddable":true,"href":"https:\/\/indusmentor.eii.uva.es\/index.php\/wp-json\/wp\/v2\/comments?post=4"}],"version-history":[{"count":9,"href":"https:\/\/indusmentor.eii.uva.es\/index.php\/wp-json\/wp\/v2\/pages\/4\/revisions"}],"predecessor-version":[{"id":396,"href":"https:\/\/indusmentor.eii.uva.es\/index.php\/wp-json\/wp\/v2\/pages\/4\/revisions\/396"}],"wp:attachment":[{"href":"https:\/\/indusmentor.eii.uva.es\/index.php\/wp-json\/wp\/v2\/media?parent=4"}],"curies":[{"name":"wp","href":"https:\/\/api.w.org\/{rel}","templated":true}]}}