{"id":384,"date":"2022-02-16T10:06:31","date_gmt":"2022-02-16T10:06:31","guid":{"rendered":"http:\/\/indusmentor.eii.uva.es\/?page_id=384"},"modified":"2023-03-05T13:20:16","modified_gmt":"2023-03-05T13:20:16","slug":"pildoras-formativas","status":"publish","type":"page","link":"https:\/\/indusmentor.eii.uva.es\/index.php\/pildoras-formativas\/","title":{"rendered":"Objetivos de Desarrollo Sostenible"},"content":{"rendered":"\n<p>En 2015, la ONU aprob\u00f3 la Agenda 2030 sobre el Desarrollo Sostenible, una oportunidad para que los pa\u00edses y sus sociedades emprendan un nuevo camino con el que mejorar la vida de todos, sin dejar a nadie atr\u00e1s. La Agenda cuenta con 17 Objetivos de Desarrollo Sostenible, que incluyen desde la eliminaci\u00f3n de la pobreza hasta el combate al cambio clim\u00e1tico, la educaci\u00f3n, la igualdad de la mujer, la defensa del medio ambiente o el dise\u00f1o de nuestras ciudades.<\/p>\n\n\n\n<p><br>En el curso 22-23, el Grupo de Innovaci\u00f3n Docente MEiiTOR (GID_MEiiTOR) de la Universidad de Valladolid (a trav\u00e9s de su Proyecto de Innovaci\u00f3n Docente (PID) asociado, titulado \u201cEl Proyecto Mentor de la Eii comprometido con los Objetivos de Desarrollo Sostenible en la UVa\u201d) se ha implicado con la difusi\u00f3n de los ODS entre los profesores y estudiantes de la Escuela de Ingenier\u00edas Industriales (Eii) ya que la contribuci\u00f3n de la ingenier\u00eda es clave para conseguir un mundo mejor y m\u00e1s sostenible.<\/p>\n\n\n\n<div data-wp-interactive=\"core\/file\" class=\"wp-block-file\"><object data-wp-bind--hidden=\"!state.hasPdfPreview\"  class=\"wp-block-file__embed\" data=\"http:\/\/indusmentor.eii.uva.es\/wp-content\/uploads\/POSTER_-ODS_INGENIERIA.pdf\" type=\"application\/pdf\" style=\"width:100%;height:600px\" aria-label=\"Incrustado de Incrustado de POSTER_ ODS_INGENIERIA..\"><\/object><a id=\"wp-block-file--media-5a192ee6-55dc-4fe4-9abd-0a6c29c4de8a\" href=\"http:\/\/indusmentor.eii.uva.es\/wp-content\/uploads\/POSTER_-ODS_INGENIERIA.pdf\">POSTER_ ODS_INGENIERIA<\/a><a href=\"http:\/\/indusmentor.eii.uva.es\/wp-content\/uploads\/POSTER_-ODS_INGENIERIA.pdf\" class=\"wp-block-file__button\" download aria-describedby=\"wp-block-file--media-5a192ee6-55dc-4fe4-9abd-0a6c29c4de8a\">Descarga<\/a><\/div>\n\n\n\n<div data-wp-interactive=\"core\/file\" class=\"wp-block-file\"><object data-wp-bind--hidden=\"!state.hasPdfPreview\"  class=\"wp-block-file__embed\" data=\"http:\/\/indusmentor.eii.uva.es\/wp-content\/uploads\/POSTER_-17_ODS.pdf\" type=\"application\/pdf\" style=\"width:100%;height:600px\" aria-label=\"Incrustado de Incrustado de POSTER_ 17_ODS..\"><\/object><a id=\"wp-block-file--media-632cde49-ebf9-4bea-82c2-2b18e838704c\" href=\"http:\/\/indusmentor.eii.uva.es\/wp-content\/uploads\/POSTER_-17_ODS.pdf\">POSTER_ 17_ODS<\/a><a href=\"http:\/\/indusmentor.eii.uva.es\/wp-content\/uploads\/POSTER_-17_ODS.pdf\" class=\"wp-block-file__button\" download aria-describedby=\"wp-block-file--media-632cde49-ebf9-4bea-82c2-2b18e838704c\">Descarga<\/a><\/div>\n","protected":false},"excerpt":{"rendered":"<p>En 2015, la ONU aprob\u00f3 la Agenda 2030 sobre el Desarrollo Sostenible, una oportunidad para que los pa\u00edses y sus sociedades emprendan un nuevo camino con el que mejorar la vida de todos, sin dejar a nadie atr\u00e1s. La Agenda cuenta con 17 Objetivos de Desarrollo Sostenible, que incluyen desde la eliminaci\u00f3n de la pobreza &hellip; <\/p>\n<p class=\"link-more\"><a href=\"https:\/\/indusmentor.eii.uva.es\/index.php\/pildoras-formativas\/\" class=\"more-link\">Continuar leyendo<span class=\"screen-reader-text\"> \u00abObjetivos de Desarrollo Sostenible\u00bb<\/span><\/a><\/p>\n","protected":false},"author":1,"featured_media":0,"parent":0,"menu_order":0,"comment_status":"closed","ping_status":"closed","template":"","meta":{"footnotes":""},"_links":{"self":[{"href":"https:\/\/indusmentor.eii.uva.es\/index.php\/wp-json\/wp\/v2\/pages\/384"}],"collection":[{"href":"https:\/\/indusmentor.eii.uva.es\/index.php\/wp-json\/wp\/v2\/pages"}],"about":[{"href":"https:\/\/indusmentor.eii.uva.es\/index.php\/wp-json\/wp\/v2\/types\/page"}],"author":[{"embeddable":true,"href":"https:\/\/indusmentor.eii.uva.es\/index.php\/wp-json\/wp\/v2\/users\/1"}],"replies":[{"embeddable":true,"href":"https:\/\/indusmentor.eii.uva.es\/index.php\/wp-json\/wp\/v2\/comments?post=384"}],"version-history":[{"count":4,"href":"https:\/\/indusmentor.eii.uva.es\/index.php\/wp-json\/wp\/v2\/pages\/384\/revisions"}],"predecessor-version":[{"id":406,"href":"https:\/\/indusmentor.eii.uva.es\/index.php\/wp-json\/wp\/v2\/pages\/384\/revisions\/406"}],"wp:attachment":[{"href":"https:\/\/indusmentor.eii.uva.es\/index.php\/wp-json\/wp\/v2\/media?parent=384"}],"curies":[{"name":"wp","href":"https:\/\/api.w.org\/{rel}","templated":true}]}}