{"id":278,"date":"2019-04-08T12:17:20","date_gmt":"2019-04-08T12:17:20","guid":{"rendered":"http:\/\/indusmentor.eii.uva.es\/?page_id=278"},"modified":"2026-04-15T07:20:34","modified_gmt":"2026-04-15T07:20:34","slug":"quieres-ser-mentor","status":"publish","type":"page","link":"https:\/\/indusmentor.eii.uva.es\/index.php\/quieres-ser-mentor\/","title":{"rendered":"\u00bfQuieres ser Mentor?"},"content":{"rendered":"<p style=\"text-align: left;\"><strong>Mentor<\/strong> es un estudiante de cursos superiores (2\u00ba a 4\u00ba) que ayuda a estudiantes de nuevo ingreso en su integraci\u00f3n en la Escuela y en la Universidad con su experiencia, con la ayudad de profesores-tutores, y recibiendo formaci\u00f3n. Adem\u00e1s, colabora en diferentes actividades de la Escuela, como la Jornada de puertas abiertas.<\/p>\n<p>&nbsp;<\/p>\n<p style=\"text-align: center;\"><strong>INSCRIPCIONES PARA EL CURSO 26-27<br \/><\/strong><\/p>\n<p>Lee detenidamente esta p\u00e1gina, encontrar\u00e1s en enlace a la inscripci\u00f3n al finalizar<\/p>\n<p style=\"text-align: center;\"><span style=\"color: #ffffff;\"><strong> \u00a1\u00a1\u00a1ABIERTO EL PLAZO DE INSCRIPCI\u00d3N!!! <\/strong><\/span><\/p>\n<p style=\"text-align: center;\"><strong>Del 20 de abril al<span style=\"color: #000000;\"> 20 de mayo <\/span>de 2026<\/strong><\/p>\n<p><strong><img loading=\"lazy\" decoding=\"async\" class=\"wp-image-436 size-medium aligncenter\" src=\"https:\/\/indusmentor.eii.uva.es\/wp-content\/uploads\/Eii-2-300x139.png\" alt=\"\" width=\"300\" height=\"139\" srcset=\"https:\/\/indusmentor.eii.uva.es\/wp-content\/uploads\/Eii-2-300x139.png 300w, https:\/\/indusmentor.eii.uva.es\/wp-content\/uploads\/Eii-2.png 337w\" sizes=\"(max-width: 300px) 100vw, 300px\" \/><\/strong><\/p>\n<p>Si ya eres estudiante de la Eii y quieres compartir tu experiencia y tu tiempo con los estudiantes de nuevo ingreso del pr\u00f3ximo curso aqu\u00ed tienes informaci\u00f3n que te resultar\u00e1 interesante:<\/p>\n<p><strong>Requisitos para ser estudiante Mentor<\/strong><\/p>\n<p>Para ser mentor tienes que tener aprobadas todas las asignaturas de primer curso en el momento de hacer la solicitud,<\/p>\n<p><strong>Criterios para la selecci\u00f3n de estudiantes Mentores<\/strong><\/p>\n<p>Entre las solicitudes presentadas, valoraremos:<\/p>\n<ul>\n<li style=\"list-style-type: none;\">\n<ul>\n<li>Capacidad comunicativa, habilidades de relaci\u00f3n, aptitud resolutiva, capacidad para trabajar y liderar equipos.<\/li>\n<li>Motivaci\u00f3n para participar en el programa.<\/li>\n<li>Conocimiento y utilizaci\u00f3n de los recursos de la Eii y de la UVa.<\/li>\n<li>Ser miembro de alguna asociaci\u00f3n, entidad social o de voluntariado.<\/li>\n<li>Tener formaci\u00f3n o experiencia en: monitor de tiempo libre, animaci\u00f3n sociocultural, equipos de trabajos, nuevas tecnolog\u00edas, etc.<\/li>\n<li>Realizar funciones de representaci\u00f3n estudiantil.<\/li>\n<li>N\u00famero de cr\u00e9ditos superados.<\/li>\n<\/ul>\n<\/li>\n<\/ul>\n<p><strong>Formaci\u00f3n<\/strong><\/p>\n<p>Para prepararte para tu tarea de Mentor, antes de comenzar realizaremos unas jornadas en las que participar\u00e1s en los siguientes seminarios y talleres:<\/p>\n<ul>\n<li style=\"list-style-type: none;\">\n<ul>\n<li>Comunicaci\u00f3n oral.<\/li>\n<li>Liderazgo, trabajo en equipo.<\/li>\n<li>Conoce la UVa.<\/li>\n<li>Conoce la Eii.<\/li>\n<li>Comunicaci\u00f3n intercultural.<\/li>\n<\/ul>\n<\/li>\n<\/ul>\n<p>Para facilitarte la asistencia, este a\u00f1o te ofrecemos la posibilidad de participar en la formaci\u00f3n en julio o en septiembre, \u00a1t\u00fa eliges!.<\/p>\n<p>Esta parte formativa dentro del Programa Mentor se completar\u00e1 con la realizaci\u00f3n de una actividad\/trabajo no presencial<\/p>\n<p><strong>Reconocimiento de cr\u00e9ditos ECTS<\/strong><\/p>\n<p>El n\u00famero de cr\u00e9ditos que un Mentor puede conseguir por participar en el PAT Mentor ser\u00e1 3 ECTS en concepto de \u201c<em>otras actividades reconocibles en estudios de Grado<\/em>\u201d, dentro de la Oferta Espec\u00edfica de la Eii:<\/p>\n<ul>\n<li style=\"list-style-type: none;\">\n<ul>\n<li>1 ECTS por cursos de formaci\u00f3n<\/li>\n<li>2 ECTS por completar su participaci\u00f3n en el PAT MENTOR.<\/li>\n<\/ul>\n<\/li>\n<\/ul>\n<p><strong>Compromisos de los Estudiantes Mentores<\/strong><\/p>\n<p>Para que el PAT_MENTOR de la Eii sea eficaz cumpliendo los objetivos indicados, los estudiantes que participen como Mentores se deben comprometer a:<\/p>\n<ul>\n<li style=\"list-style-type: none;\">\n<ul>\n<li>Realizar los siguientes Cursos de Formaci\u00f3n en los primeros d\u00edas de septiembre:\n<ul>\n<li>Seminario sobre funcionamiento general de la UVa. 2 horas.<\/li>\n<li>Seminario sobre funcionamiento de la Eii. 2 horas.<\/li>\n<li>Taller sobre liderazgo, trabajo en equipo y comunicaci\u00f3n oral. 6\/8 horas.<\/li>\n<\/ul>\n<\/li>\n<li>Participar en la Jornada de Bienvenida y en la Jornada de Puertas Abiertas.<\/li>\n<li>Reunirse con su Profesor Tutor para fijar su agenda concreta de actividades con su grupo de Tutelados antes del comienzo de curso.<\/li>\n<li>Asistir a las reuniones convocadas por los Profesores Tutores para preparar las reuniones con los Tutelados.<\/li>\n<li>Convocar y realizar reuniones con sus Tutelados de acuerdo con la agenda prevista, atendiendo consultas y preguntas que le puedan realizar tanto de forma personal o por email. Comunicar a su<\/li>\n<li>Profesor Tutor cualquier incidencia o problema que surja y que altere el desarrollo normal de las reuniones.<\/li>\n<li>Realizar las encuestas previstas.<\/li>\n<li>Participar en el PAT_MENTOR completo, es decir, desde su comienzo al inicio de septiembre hasta su finalizaci\u00f3n en marzo, de acuerdo al calendario y agenda previstos.<\/li>\n<li>Realizar un trabajo\/informe final basado en las reuniones con los Tutelados y que recoja, de cada reuni\u00f3n, los temas tratados, el n\u00famero de asistentes, las preguntas y inquietudes manifestadas, las dificultades encontradas, \u2026 Este informe debe tener la aprobaci\u00f3n del Profesor Tutor correspondiente.<\/li>\n<li>Comunicar por escrito a su Profesor Tutor, si fuera el caso, de las razones de peso por las que abandona el PAT_MENTOR antes de su finalizaci\u00f3n. La falta de asistencia no justificada supondr\u00e1 la p\u00e9rdida total de cr\u00e9ditos.<\/li>\n<\/ul>\n<\/li>\n<\/ul>\n<p><strong><img loading=\"lazy\" decoding=\"async\" class=\"size-medium wp-image-184 aligncenter\" src=\"http:\/\/indusmentor.eii.uva.es\/wp-content\/uploads\/IMG_7012-300x200.jpg\" alt=\"\" width=\"300\" height=\"200\" srcset=\"https:\/\/indusmentor.eii.uva.es\/wp-content\/uploads\/IMG_7012-300x200.jpg 300w, https:\/\/indusmentor.eii.uva.es\/wp-content\/uploads\/IMG_7012-768x512.jpg 768w, https:\/\/indusmentor.eii.uva.es\/wp-content\/uploads\/IMG_7012-1024x683.jpg 1024w\" sizes=\"(max-width: 300px) 100vw, 300px\" \/><\/strong><\/p>\n<p><strong>Solicitud\/inscripci\u00f3n para el curso 26-27<br \/><\/strong><\/p>\n<p>Puedes enviarnos tu solicitud para participar en el programa completando el siguiente registro:<\/p>\n<p><a href=\"https:\/\/forms.gle\/simwjKUQgJShbud4A\">INSCRIPCI\u00d3N A MENTOR<\/a><\/p>\n<p>Si te da problemas, pruebe manualmente este enlace:<\/p>\n<p><a href=\"https:\/\/forms.gle\/simwjKUQgJShbud4A\">https:\/\/forms.gle\/simwjKUQgJShbud4A<\/a><\/p>\n\n\n<p><\/p>\n","protected":false},"excerpt":{"rendered":"<p>Mentor es un estudiante de cursos superiores (2\u00ba a 4\u00ba) que ayuda a estudiantes de nuevo ingreso en su integraci\u00f3n en la Escuela y en la Universidad con su experiencia, con la ayudad de profesores-tutores, y recibiendo formaci\u00f3n. Adem\u00e1s, colabora en diferentes actividades de la Escuela, como la Jornada de puertas abiertas. &nbsp; INSCRIPCIONES PARA &hellip; <\/p>\n<p class=\"link-more\"><a href=\"https:\/\/indusmentor.eii.uva.es\/index.php\/quieres-ser-mentor\/\" class=\"more-link\">Continuar leyendo<span class=\"screen-reader-text\"> \u00ab\u00bfQuieres ser Mentor?\u00bb<\/span><\/a><\/p>\n","protected":false},"author":1,"featured_media":0,"parent":0,"menu_order":0,"comment_status":"closed","ping_status":"closed","template":"","meta":{"footnotes":""},"_links":{"self":[{"href":"https:\/\/indusmentor.eii.uva.es\/index.php\/wp-json\/wp\/v2\/pages\/278"}],"collection":[{"href":"https:\/\/indusmentor.eii.uva.es\/index.php\/wp-json\/wp\/v2\/pages"}],"about":[{"href":"https:\/\/indusmentor.eii.uva.es\/index.php\/wp-json\/wp\/v2\/types\/page"}],"author":[{"embeddable":true,"href":"https:\/\/indusmentor.eii.uva.es\/index.php\/wp-json\/wp\/v2\/users\/1"}],"replies":[{"embeddable":true,"href":"https:\/\/indusmentor.eii.uva.es\/index.php\/wp-json\/wp\/v2\/comments?post=278"}],"version-history":[{"count":41,"href":"https:\/\/indusmentor.eii.uva.es\/index.php\/wp-json\/wp\/v2\/pages\/278\/revisions"}],"predecessor-version":[{"id":450,"href":"https:\/\/indusmentor.eii.uva.es\/index.php\/wp-json\/wp\/v2\/pages\/278\/revisions\/450"}],"wp:attachment":[{"href":"https:\/\/indusmentor.eii.uva.es\/index.php\/wp-json\/wp\/v2\/media?parent=278"}],"curies":[{"name":"wp","href":"https:\/\/api.w.org\/{rel}","templated":true}]}}