{"id":215,"date":"2019-01-23T07:14:27","date_gmt":"2019-01-23T07:14:27","guid":{"rendered":"http:\/\/indusmentor.eii.uva.es\/?page_id=215"},"modified":"2019-01-23T07:14:52","modified_gmt":"2019-01-23T07:14:52","slug":"curso-16-17","status":"publish","type":"page","link":"https:\/\/indusmentor.eii.uva.es\/index.php\/documentacion\/curso-16-17\/","title":{"rendered":"Curso 16-17"},"content":{"rendered":"<h1><strong>EDULEARN<\/strong><\/h1>\n<p><a href=\"http:\/\/indusmentor.eii.uva.es\/wp-content\/uploads\/DatosPublicados.pdf\">Comunicaci\u00f3n<\/a><\/p>\n<h1><strong>25CUIEET<\/strong><\/h1>\n<p><a href=\"http:\/\/indusmentor.eii.uva.es\/wp-content\/uploads\/25-CUIEET-6557-6557-123fa_C1_DR01.pdf\">Comunicaci\u00f3n 1<\/a><\/p>\n<p><a href=\"http:\/\/indusmentor.eii.uva.es\/wp-content\/uploads\/25-CUIEET-6557-6557-123fa_C2_DR01.pdf\">Comunicaci\u00f3n 2<\/a><\/p>\n<p>&nbsp;<\/p>\n<p>&nbsp;<\/p>\n","protected":false},"excerpt":{"rendered":"<p>EDULEARN Comunicaci\u00f3n 25CUIEET Comunicaci\u00f3n 1 Comunicaci\u00f3n 2 &nbsp; &nbsp;<\/p>\n","protected":false},"author":1,"featured_media":0,"parent":156,"menu_order":0,"comment_status":"closed","ping_status":"closed","template":"","meta":{"footnotes":""},"_links":{"self":[{"href":"https:\/\/indusmentor.eii.uva.es\/index.php\/wp-json\/wp\/v2\/pages\/215"}],"collection":[{"href":"https:\/\/indusmentor.eii.uva.es\/index.php\/wp-json\/wp\/v2\/pages"}],"about":[{"href":"https:\/\/indusmentor.eii.uva.es\/index.php\/wp-json\/wp\/v2\/types\/page"}],"author":[{"embeddable":true,"href":"https:\/\/indusmentor.eii.uva.es\/index.php\/wp-json\/wp\/v2\/users\/1"}],"replies":[{"embeddable":true,"href":"https:\/\/indusmentor.eii.uva.es\/index.php\/wp-json\/wp\/v2\/comments?post=215"}],"version-history":[{"count":1,"href":"https:\/\/indusmentor.eii.uva.es\/index.php\/wp-json\/wp\/v2\/pages\/215\/revisions"}],"predecessor-version":[{"id":220,"href":"https:\/\/indusmentor.eii.uva.es\/index.php\/wp-json\/wp\/v2\/pages\/215\/revisions\/220"}],"up":[{"embeddable":true,"href":"https:\/\/indusmentor.eii.uva.es\/index.php\/wp-json\/wp\/v2\/pages\/156"}],"wp:attachment":[{"href":"https:\/\/indusmentor.eii.uva.es\/index.php\/wp-json\/wp\/v2\/media?parent=215"}],"curies":[{"name":"wp","href":"https:\/\/api.w.org\/{rel}","templated":true}]}}