{"id":156,"date":"2018-07-16T10:54:13","date_gmt":"2018-07-16T10:54:13","guid":{"rendered":"http:\/\/indusmentor.eii.uva.es\/?page_id=156"},"modified":"2019-06-12T12:26:25","modified_gmt":"2019-06-12T12:26:25","slug":"documentacion","status":"publish","type":"page","link":"https:\/\/indusmentor.eii.uva.es\/index.php\/documentacion\/","title":{"rendered":"Publicaciones"},"content":{"rendered":"<p>S\u00e1nchez B\u00e1scones, M.I., P\u00e9rez Barreiro, C., Mart\u00edn Bravo, M.A., Fernando Vel\u00e1zquez, M.L. <strong><a href=\"http:\/\/indusmentor.eii.uva.es\/index.php\/2019\/04\/08\/bascones\/\">De Orienta a Mentor.<\/a><\/strong> <em>Actas del 26\u00ba Congreso Universitario de Innovaci\u00f3n Educativa en las Ense\u00f1anzas T\u00e9cnicas, CUIEET. Gij\u00f3n (Spain) 25-27 de junio. Junio 2018.<\/em><\/p>\n<p>Alarcia Est\u00e9vez, E., Pisano Alonso, J. A. <a href=\"http:\/\/indusmentor.eii.uva.es\/index.php\/2019\/06\/11\/por-que-para-ellas\/\"><strong>\u00bfPor qu\u00e9 para ellas? <\/strong><\/a><em>1er Congreso de Mentor\u00eda en Universidades Espa\u00f1olas COMUE. Valladolid (Spain) 23 de marzo. Marzo 2018.<\/em><\/p>\n<p>Cuello Mart\u00ednez, L., Alarcia Est\u00e9vez, E., Pisano Alonso, J. A. <strong>Mentoring moderno, transferencia de conocimiento adaptada al entorno.<\/strong><em> 1er Congreso de Mentor\u00eda en Universidades Espa\u00f1olas COMUE. Valladolid (Spain) 23 de marzo. Marzo 2018.<\/em><\/p>\n<p>Dom\u00ednguez Labajo, C., Fern\u00e1ndez Delgado, M., Tejero Gonz\u00e1lez, A., P\u00e9rez Rueda, M. A. <strong>An\u00e1lisis de la problem\u00e1tica asociada a la asistencia a las sesiones de mentor\u00eda de tarde.<\/strong> <em>1er Congreso de Mentor\u00eda en Universidades Espa\u00f1olas COMUE. Valladolid (Spain) 23 de marzo. Marzo 2018.<\/em><\/p>\n<p>Fern\u00e1ndez Villalobos, N., Fern\u00e1ndez Raga, S., P\u00e9rez Barreiro, S., Rinc\u00f3n Borrego, I., Lafuente S\u00e1nchez, V. A. <strong><a href=\"http:\/\/indusmentor.eii.uva.es\/index.php\/2019\/06\/12\/sintesis-grafica-del-concepto-mentoria-diseno-de-identidad-visual-para-el-proyecto-mentor\/\">S\u00edntesis gr\u00e1fica del concepto \u201cmentor\u00eda\u201d. Dise\u00f1o de identidad visual para el Proyecto Mentor de la Escuela de Ingenier\u00edas Industriales de la Universidad de Valladolid<\/a>. <\/strong><em>1er Congreso de Mentor\u00eda en Universidades Espa\u00f1olas COMUE. Valladolid (Spain) 23 de marzo. Marzo 2018.<\/em><\/p>\n<p>Frontela \u00c1lvarez, J. L., P\u00e9rez Tu\u00f1\u00f3n, D., P\u00e9rez Rueda, M. A., Tejero Gonz\u00e1lez, A. <strong><a href=\"http:\/\/indusmentor.eii.uva.es\/index.php\/2019\/06\/11\/utilidad-del-proyecto-mentor-para-la-escuela-y-el-alumno-mentorizado\/\">Utilidad del proyecto Mentor para la escuela y el alumno mentorizado<\/a>. <\/strong><em>1er Congreso de Mentor\u00eda en Universidades Espa\u00f1olas COMUE. Valladolid (Spain) 23 de marzo. Marzo 2018.<\/em><\/p>\n<p>Guti\u00e9rrez, A., Anatol, J., Jim\u00e9nez, R., Casado, V., Gonzalo, C., Garc\u00eda, J. M. <strong><a href=\"http:\/\/indusmentor.eii.uva.es\/index.php\/2019\/06\/12\/experiencia-de-un-programa-de-mentoria-en-el-grado-de-ingenieria-en-tecnologias-industriales-de-la-universidad-de-valladolid\/\">Experiencia de un programa de mentor\u00eda en el Grado de Ingenier\u00eda en Tecnolog\u00edas Industriales de la Universidad de Valladolid<\/a>.<\/strong> <em>1er Congreso de Mentor\u00eda en Universidades Espa\u00f1olas COMUE. Valladolid (Spain) 23 de marzo. Marzo 2018.<\/em><\/p>\n<p>Herr\u00e1ez S\u00e1nchez, M. <strong><a href=\"http:\/\/indusmentor.eii.uva.es\/index.php\/2019\/06\/11\/experiencia-en-la-implementacion-de-un-programa-de-mentoria-en-la-titulacion-de-grado-en-ingenieria-mecanica-de-la-uva-parte1\/\">Experiencia en la implementaci\u00f3n de un programa de Mentor\u00eda en la Titulaci\u00f3n de Grado en Ingenier\u00eda Mec\u00e1nica de la Universidad de Valladolid. Parte 1: resultados con los alumnos de nuevo ingreso<\/a>.<\/strong> <em>1er Congreso de Mentor\u00eda en Universidades Espa\u00f1olas COMUE. Valladolid (Spain) 23 de marzo. Marzo 2018.<\/em><\/p>\n<p>Herr\u00e1ez S\u00e1nchez, M. <strong><a href=\"http:\/\/indusmentor.eii.uva.es\/index.php\/2019\/06\/12\/experiencia-en-la-implementacion-de-un-programa-de-mentoria-en-la-titulacion-de-grado-en-ingenieria-mecanica-de-la-uva-parte2\/\">Experiencia en la implementaci\u00f3n de un programa de Mentor\u00eda en la Titulaci\u00f3n de Grado en Ingenier\u00eda Mec\u00e1nica de la Universidad de Valladolid. Parte 2: resultados con los alumnos mentores y el profesorado implicado<\/a>. <\/strong><em>1er Congreso de Mentor\u00eda en Universidades Espa\u00f1olas COMUE. Valladolid (Spain) 23 de marzo. Marzo 2018.<\/em><\/p>\n<p>Lafuente S\u00e1nchez, V. A., Rinc\u00f3n Borrego, I. I., Fern\u00e1ndez Raga, S., Fern\u00e1ndez Villalobos, N., P\u00e9rez Barreiro, S. <strong>Adaptaci\u00f3n de la identidad visual para el Congreso de Mentor\u00eda en Universidades Espa\u00f1olas<\/strong>. <em>1er Congreso de Mentor\u00eda en Universidades Espa\u00f1olas COMUE. Valladolid (Spain) 23 de marzo. Marzo 2018.<\/em><\/p>\n<p>P\u00e9rez Tu\u00f1\u00f3n, D., Frontela \u00c1lvarez, J. L., P\u00e9rez Rueda, M. A., Tejero Gonz\u00e1lez, A. <strong>An\u00e1lisis del desarrollo de competencias transversales del alumno mentor y sus posibles impactos en el Programa Mentor de la Eii.<\/strong><em> 1er Congreso de Mentor\u00eda en Universidades Espa\u00f1olas COMUE. Valladolid (Spain) 23 de marzo. Marzo 2018.<\/em><\/p>\n<p>Alarcia Est\u00e9vez, E., S\u00e1nchez B\u00e1scones, I. P\u00e9rez Barreiro, C., Fernando Vel\u00e1zquez, M.L., Portillo de la Fuente, A., Tarrero Fern\u00e1ndez, A.I. Cuello Mart\u00ednez, L. <strong>\u00bfEs posible desarrollar competencias gen\u00e9ricas siendo Mentor?<\/strong> <em>Actas del 25 Congreso Universitario de Innovaci\u00f3n Educativa en las Ense\u00f1anzas T\u00e9cnicas, CUIEET. Badajoz (Spain) 5-8 de septiembre. Septiembre 2017.<\/em><\/p>\n<p>Alarcia Est\u00e9vez, E., S\u00e1nchez B\u00e1scones, I. P\u00e9rez Barreiro, C., Fernando Vel\u00e1zquez, M.L., Portillo de la Fuente, A., Tarrero Fern\u00e1ndez, A.I. Cuello Mart\u00ednez, L. <strong>Implantaci\u00f3n del \u201cPrograma MENTOR\u201d en la Escuela de Ingenier\u00edas Industriales de la Universidad de Valladolid.<\/strong> <em>Actas del 25\u00ba Congreso Universitario de Innovaci\u00f3n Educativa en las Ense\u00f1anzas T\u00e9cnicas, CUIEET. Badajoz (Spain) 5-8 de septiembre. Septiembre 2017.<\/em><\/p>\n<p>Portillo de la Fuente, A., Fernando Vel\u00e1zquez, M.L., Perez Rueda, M. A., P\u00e9rez Barreiro, C. <a href=\"http:\/\/indusmentor.eii.uva.es\/index.php\/2019\/06\/11\/tutorial-attention-mentor-program-tutoring-students\/\"><strong>Tutorial attention mentor program: tutoring students.<\/strong><\/a> <em>Actas de la 9th annual International Conference on Education and New Learning Technologies EDULEARN17: Barcelona (Spain) 3rd-4th-5th of July. Julio 2017.<\/em><\/p>\n<p>Portillo de la Fuente, A., Fernando Vel\u00e1zquez, M.L., Alarcia Est\u00e9vez, E., Cuello Mart\u00ednez, L., D\u00edez Mu\u00f1oz, P.L., Fern\u00e1ndez Raga, S., Fern\u00e1ndez Villalobos, N., Garc\u00eda Ter\u00e1n, J.M., Herrero de Lucas, L.C., Lafuente S\u00e1nchez, V.A., Magdaleno Mart\u00edn, J., Mart\u00edn Bravo, M.A., Mart\u00ednez Rodrigo, F., Mena Rodr\u00edguez, J.M., P\u00e9rez Barreiro, C., P\u00e9rez Barreiro, S., Pisano Alonso, J., Reboto Rodr\u00edguez, V., Rinc\u00f3n Borrego, I. S\u00e1nchez B\u00e1scones, I. Tarrero Fern\u00e1ndez, A. I. <strong>Design and dissemination of the MENTOR Tutorial Attention Plan in the School of Industrial Engineering of the Universidad de Valladolid<\/strong>. <em>Actas de la 16th International Conference on Computational and Mathematical Methods in Science and Engineering, CMMSE. C\u00e1diz (Spain) 4th-8th of July. Julio 2016<\/em><\/p>\n<p><em>Poster<\/em><\/p>\n","protected":false},"excerpt":{"rendered":"<p>S\u00e1nchez B\u00e1scones, M.I., P\u00e9rez Barreiro, C., Mart\u00edn Bravo, M.A., Fernando Vel\u00e1zquez, M.L. De Orienta a Mentor. Actas del 26\u00ba Congreso Universitario de Innovaci\u00f3n Educativa en las Ense\u00f1anzas T\u00e9cnicas, CUIEET. Gij\u00f3n (Spain) 25-27 de junio. Junio 2018. Alarcia Est\u00e9vez, E., Pisano Alonso, J. A. \u00bfPor qu\u00e9 para ellas? 1er Congreso de Mentor\u00eda en Universidades Espa\u00f1olas COMUE. &hellip; <\/p>\n<p class=\"link-more\"><a href=\"https:\/\/indusmentor.eii.uva.es\/index.php\/documentacion\/\" class=\"more-link\">Continuar leyendo<span class=\"screen-reader-text\"> \u00abPublicaciones\u00bb<\/span><\/a><\/p>\n","protected":false},"author":1,"featured_media":0,"parent":0,"menu_order":0,"comment_status":"closed","ping_status":"closed","template":"","meta":{"footnotes":""},"_links":{"self":[{"href":"https:\/\/indusmentor.eii.uva.es\/index.php\/wp-json\/wp\/v2\/pages\/156"}],"collection":[{"href":"https:\/\/indusmentor.eii.uva.es\/index.php\/wp-json\/wp\/v2\/pages"}],"about":[{"href":"https:\/\/indusmentor.eii.uva.es\/index.php\/wp-json\/wp\/v2\/types\/page"}],"author":[{"embeddable":true,"href":"https:\/\/indusmentor.eii.uva.es\/index.php\/wp-json\/wp\/v2\/users\/1"}],"replies":[{"embeddable":true,"href":"https:\/\/indusmentor.eii.uva.es\/index.php\/wp-json\/wp\/v2\/comments?post=156"}],"version-history":[{"count":24,"href":"https:\/\/indusmentor.eii.uva.es\/index.php\/wp-json\/wp\/v2\/pages\/156\/revisions"}],"predecessor-version":[{"id":336,"href":"https:\/\/indusmentor.eii.uva.es\/index.php\/wp-json\/wp\/v2\/pages\/156\/revisions\/336"}],"wp:attachment":[{"href":"https:\/\/indusmentor.eii.uva.es\/index.php\/wp-json\/wp\/v2\/media?parent=156"}],"curies":[{"name":"wp","href":"https:\/\/api.w.org\/{rel}","templated":true}]}}